{"id":4856,"date":"2022-10-02T12:41:23","date_gmt":"2022-10-02T12:41:23","guid":{"rendered":"https:\/\/hkregistration.com\/?page_id=4856"},"modified":"2022-12-02T13:54:05","modified_gmt":"2022-12-02T13:54:05","slug":"contabilidad","status":"publish","type":"page","link":"https:\/\/hkregistration.com\/en\/accounting\/","title":{"rendered":"Accounting"},"content":{"rendered":"<div data-elementor-type=\"wp-page\" data-elementor-id=\"4856\" class=\"elementor elementor-4856\" data-elementor-settings=\"{&quot;ha_cmc_init_switcher&quot;:&quot;no&quot;}\" data-elementor-post-type=\"page\">\n\t\t\t\t\t\t<section class=\"elementor-section elementor-top-section elementor-element elementor-element-5b5fa81 elementor-section-height-min-height elementor-section-boxed elementor-section-height-default elementor-section-items-middle\" data-id=\"5b5fa81\" data-element_type=\"section\" data-settings=\"{&quot;background_background&quot;:&quot;classic&quot;,&quot;_ha_eqh_enable&quot;:false}\">\n\t\t\t\t\t\t\t<div class=\"elementor-background-overlay\"><\/div>\n\t\t\t\t\t\t\t<div class=\"elementor-container elementor-column-gap-no\">\n\t\t\t\t\t<div class=\"elementor-column elementor-col-100 elementor-top-column elementor-element elementor-element-118479d\" data-id=\"118479d\" data-element_type=\"column\">\n\t\t\t<div class=\"elementor-widget-wrap elementor-element-populated\">\n\t\t\t\t\t\t<div class=\"elementor-element elementor-element-1e9a54a elementor-widget__width-auto animated-slow elementor-widget elementor-widget-heading\" data-id=\"1e9a54a\" data-element_type=\"widget\" data-settings=\"{&quot;_animation&quot;:&quot;none&quot;}\" data-widget_type=\"heading.default\">\n\t\t\t\t<div class=\"elementor-widget-container\">\n\t\t\t\t\t<h1 class=\"elementor-heading-title elementor-size-default\">Accounting<\/h1>\t\t\t\t<\/div>\n\t\t\t\t<\/div>\n\t\t\t\t\t<\/div>\n\t\t<\/div>\n\t\t\t\t\t<\/div>\n\t\t<\/section>\n\t\t\t\t<section class=\"elementor-section elementor-top-section elementor-element elementor-element-8612a94 elementor-section-boxed elementor-section-height-default elementor-section-height-default\" data-id=\"8612a94\" data-element_type=\"section\" data-settings=\"{&quot;background_background&quot;:&quot;classic&quot;,&quot;_ha_eqh_enable&quot;:false}\">\n\t\t\t\t\t\t<div class=\"elementor-container elementor-column-gap-default\">\n\t\t\t\t\t<div class=\"elementor-column elementor-col-100 elementor-top-column elementor-element elementor-element-9dd23c3\" data-id=\"9dd23c3\" data-element_type=\"column\">\n\t\t\t<div class=\"elementor-widget-wrap elementor-element-populated\">\n\t\t\t\t\t\t<div class=\"elementor-element elementor-element-41a040b elementor-widget elementor-widget-heading\" data-id=\"41a040b\" data-element_type=\"widget\" data-widget_type=\"heading.default\">\n\t\t\t\t<div class=\"elementor-widget-container\">\n\t\t\t\t\t<h3 class=\"elementor-heading-title elementor-size-default\">ACCOUNTING<\/h3>\t\t\t\t<\/div>\n\t\t\t\t<\/div>\n\t\t\t\t<div class=\"elementor-element elementor-element-ac2ab2e elementor-widget elementor-widget-heading\" data-id=\"ac2ab2e\" data-element_type=\"widget\" data-widget_type=\"heading.default\">\n\t\t\t\t<div class=\"elementor-widget-container\">\n\t\t\t\t\t<h6 class=\"elementor-heading-title elementor-size-default\">The accounting service for clients is carried out by accountants who compute all the company&#039;s transactions over a period of one year (usually from January 1 to December 31 of each year), as well as evaluate its assets and liabilities on this basis. same period. Accounting is carried out in accordance with Hong Kong standards and applying the IFRS accounting standard. according to the following fee schedule according to the Annual Billing amounts<\/h6>\t\t\t\t<\/div>\n\t\t\t\t<\/div>\n\t\t\t\t<div class=\"elementor-element elementor-element-bad56bc elementor-widget elementor-widget-heading\" data-id=\"bad56bc\" data-element_type=\"widget\" data-widget_type=\"heading.default\">\n\t\t\t\t<div class=\"elementor-widget-container\">\n\t\t\t\t\t<h6 class=\"elementor-heading-title elementor-size-default\">Accounting FEES are established according to the following Annual Billing scheme.<\/h6>\t\t\t\t<\/div>\n\t\t\t\t<\/div>\n\t\t\t\t\t<\/div>\n\t\t<\/div>\n\t\t\t\t\t<\/div>\n\t\t<\/section>\n\t\t\t\t<section class=\"elementor-section elementor-top-section elementor-element elementor-element-a93547e elementor-section-content-top elementor-section-boxed elementor-section-height-default elementor-section-height-default\" data-id=\"a93547e\" data-element_type=\"section\" data-settings=\"{&quot;background_background&quot;:&quot;gradient&quot;,&quot;_ha_eqh_enable&quot;:false}\">\n\t\t\t\t\t\t\t<div class=\"elementor-background-overlay\"><\/div>\n\t\t\t\t\t\t\t<div class=\"elementor-container elementor-column-gap-no\">\n\t\t\t\t\t<div class=\"elementor-column elementor-col-100 elementor-top-column elementor-element elementor-element-d616d48\" data-id=\"d616d48\" data-element_type=\"column\" data-settings=\"{&quot;background_background&quot;:&quot;classic&quot;}\">\n\t\t\t<div class=\"elementor-widget-wrap elementor-element-populated\">\n\t\t\t\t\t<div class=\"elementor-background-overlay\"><\/div>\n\t\t\t\t\t\t<div class=\"elementor-element elementor-element-14fde83 elementor-widget-mobile__width-auto elementor-widget elementor-widget-text-editor\" data-id=\"14fde83\" data-element_type=\"widget\" data-widget_type=\"text-editor.default\">\n\t\t\t\t<div class=\"elementor-widget-container\">\n\t\t\t\t\t\t\t\t\t<p>\u00a0<\/p><table width=\"519\"><tbody><tr><td width=\"262\"><strong>ANNUAL BILLING up to<\/strong><\/td><td width=\"257\"><strong>FEE<\/strong><\/td><\/tr><tr><td><strong>$ 130.000<\/strong><\/td><td><strong>$ 763<\/strong><\/td><\/tr><tr><td><strong>$ 260.000<\/strong><\/td><td><strong>$ 810<\/strong><\/td><\/tr><tr><td><strong>$ 390.000<\/strong><\/td><td><strong>$ 888<\/strong><\/td><\/tr><tr><td><strong>$ 520.000<\/strong><\/td><td><strong>$ 1.045<\/strong><\/td><\/tr><tr><td><strong>$ 650.000<\/strong><\/td><td><strong>$ 1.140<\/strong><\/td><\/tr><tr><td><strong>$ 1.300.000<\/strong><\/td><td><strong>$ 1.297<\/strong><\/td><\/tr><tr><td><strong>$ 2.600.000<\/strong><\/td><td><strong>$ 1.438<\/strong><\/td><\/tr><tr><td><strong>$ 3.900.000<\/strong><\/td><td><strong>$ 1.611<\/strong><\/td><\/tr><tr><td><strong>$ 5.200.000<\/strong><\/td><td><strong>$ 2.054<\/strong><\/td><\/tr><tr><td><strong>$ 6.500.000<\/strong><\/td><td><strong>$ 2.369<\/strong><\/td><\/tr><tr><td><strong>$ 7.800.000<\/strong><\/td><td><strong>$ 2.840<\/strong><\/td><\/tr><tr><td><strong>$ 9.100.000<\/strong><\/td><td><strong>$ 2.997<\/strong><\/td><\/tr><tr><td><strong>$ 10.400.000<\/strong><\/td><td><strong>$ 3.154<\/strong><\/td><\/tr><tr><td><strong>$ 11.700.000<\/strong><\/td><td><strong>$ 3.343<\/strong><\/td><\/tr><\/tbody><\/table>\t\t\t\t\t\t\t\t<\/div>\n\t\t\t\t<\/div>\n\t\t\t\t\t<\/div>\n\t\t<\/div>\n\t\t\t\t\t<\/div>\n\t\t<\/section>\n\t\t\t\t<\/div>","protected":false},"excerpt":{"rendered":"<p>Contabilidad CONTABILIDAD El servicio de contabilidad de los clientes es llevada por Contadores que computan todas las transacciones de la sociedad sobre un per\u00edodo de un a\u00f1o (habitualmente del 1 de enero al 31 de diciembre de cada a\u00f1o), as\u00ed como evaluar su activo y su pasivo sobre este mismo per\u00edodo. La contabilidad se lleva [&hellip;]<\/p>","protected":false},"author":1,"featured_media":0,"parent":0,"menu_order":0,"comment_status":"closed","ping_status":"closed","template":"","meta":{"site-sidebar-layout":"no-sidebar","site-content-layout":"page-builder","ast-site-content-layout":"","site-content-style":"default","site-sidebar-style":"default","ast-global-header-display":"","ast-banner-title-visibility":"","ast-main-header-display":"","ast-hfb-above-header-display":"","ast-hfb-below-header-display":"","ast-hfb-mobile-header-display":"","site-post-title":"disabled","ast-breadcrumbs-content":"disabled","ast-featured-img":"disabled","footer-sml-layout":"disabled","theme-transparent-header-meta":"enabled","adv-header-id-meta":"","stick-header-meta":"","header-above-stick-meta":"","header-main-stick-meta":"","header-below-stick-meta":"","astra-migrate-meta-layouts":"default","ast-page-background-enabled":"default","ast-page-background-meta":{"desktop":{"background-color":"","background-image":"","background-repeat":"repeat","background-position":"center center","background-size":"auto","background-attachment":"scroll","background-type":"","background-media":"","overlay-type":"","overlay-color":"","overlay-opacity":"","overlay-gradient":""},"tablet":{"background-color":"","background-image":"","background-repeat":"repeat","background-position":"center center","background-size":"auto","background-attachment":"scroll","background-type":"","background-media":"","overlay-type":"","overlay-color":"","overlay-opacity":"","overlay-gradient":""},"mobile":{"background-color":"","background-image":"","background-repeat":"repeat","background-position":"center center","background-size":"auto","background-attachment":"scroll","background-type":"","background-media":"","overlay-type":"","overlay-color":"","overlay-opacity":"","overlay-gradient":""}},"ast-content-background-meta":{"desktop":{"background-color":"var(--ast-global-color-5)","background-image":"","background-repeat":"repeat","background-position":"center center","background-size":"auto","background-attachment":"scroll","background-type":"","background-media":"","overlay-type":"","overlay-color":"","overlay-opacity":"","overlay-gradient":""},"tablet":{"background-color":"var(--ast-global-color-5)","background-image":"","background-repeat":"repeat","background-position":"center center","background-size":"auto","background-attachment":"scroll","background-type":"","background-media":"","overlay-type":"","overlay-color":"","overlay-opacity":"","overlay-gradient":""},"mobile":{"background-color":"var(--ast-global-color-5)","background-image":"","background-repeat":"repeat","background-position":"center center","background-size":"auto","background-attachment":"scroll","background-type":"","background-media":"","overlay-type":"","overlay-color":"","overlay-opacity":"","overlay-gradient":""}},"_glsr_average":0,"_glsr_ranking":0,"_glsr_reviews":0,"footnotes":""},"class_list":["post-4856","page","type-page","status-publish","hentry"],"_links":{"self":[{"href":"https:\/\/hkregistration.com\/en\/wp-json\/wp\/v2\/pages\/4856","targetHints":{"allow":["GET"]}}],"collection":[{"href":"https:\/\/hkregistration.com\/en\/wp-json\/wp\/v2\/pages"}],"about":[{"href":"https:\/\/hkregistration.com\/en\/wp-json\/wp\/v2\/types\/page"}],"author":[{"embeddable":true,"href":"https:\/\/hkregistration.com\/en\/wp-json\/wp\/v2\/users\/1"}],"replies":[{"embeddable":true,"href":"https:\/\/hkregistration.com\/en\/wp-json\/wp\/v2\/comments?post=4856"}],"version-history":[{"count":0,"href":"https:\/\/hkregistration.com\/en\/wp-json\/wp\/v2\/pages\/4856\/revisions"}],"wp:attachment":[{"href":"https:\/\/hkregistration.com\/en\/wp-json\/wp\/v2\/media?parent=4856"}],"curies":[{"name":"wp","href":"https:\/\/api.w.org\/{rel}","templated":true}]}}