{"id":3121,"date":"2022-09-11T16:11:08","date_gmt":"2022-09-11T16:11:08","guid":{"rendered":"https:\/\/hkregistration.com\/?page_id=3121"},"modified":"2022-09-11T19:24:33","modified_gmt":"2022-09-11T19:24:33","slug":"secretaria-y-domicilio","status":"publish","type":"page","link":"https:\/\/hkregistration.com\/pt\/secretaria-e-casa\/","title":{"rendered":"Secret\u00e1rio e Endere\u00e7o"},"content":{"rendered":"<div data-elementor-type=\"wp-page\" data-elementor-id=\"3121\" class=\"elementor elementor-3121\" data-elementor-settings=\"{&quot;ha_cmc_init_switcher&quot;:&quot;no&quot;}\" data-elementor-post-type=\"page\">\n\t\t\t\t\t\t<section class=\"elementor-section elementor-top-section elementor-element elementor-element-5b5fa81 elementor-section-height-min-height elementor-section-boxed elementor-section-height-default elementor-section-items-middle\" data-id=\"5b5fa81\" data-element_type=\"section\" data-settings=\"{&quot;background_background&quot;:&quot;classic&quot;,&quot;_ha_eqh_enable&quot;:false}\">\n\t\t\t\t\t\t\t<div class=\"elementor-background-overlay\"><\/div>\n\t\t\t\t\t\t\t<div class=\"elementor-container elementor-column-gap-no\">\n\t\t\t\t\t<div class=\"elementor-column elementor-col-100 elementor-top-column elementor-element elementor-element-118479d\" data-id=\"118479d\" data-element_type=\"column\">\n\t\t\t<div class=\"elementor-widget-wrap elementor-element-populated\">\n\t\t\t\t\t\t<div class=\"elementor-element elementor-element-1e9a54a elementor-widget__width-auto animated-slow elementor-widget elementor-widget-heading\" data-id=\"1e9a54a\" data-element_type=\"widget\" data-settings=\"{&quot;_animation&quot;:&quot;none&quot;}\" data-widget_type=\"heading.default\">\n\t\t\t\t<div class=\"elementor-widget-container\">\n\t\t\t\t\t<h1 class=\"elementor-heading-title elementor-size-default\">Secret\u00e1rio e Endere\u00e7o<\/h1>\t\t\t\t<\/div>\n\t\t\t\t<\/div>\n\t\t\t\t\t<\/div>\n\t\t<\/div>\n\t\t\t\t\t<\/div>\n\t\t<\/section>\n\t\t\t\t<section class=\"elementor-section elementor-top-section elementor-element elementor-element-61e3dc9 elementor-section-boxed elementor-section-height-default elementor-section-height-default\" data-id=\"61e3dc9\" data-element_type=\"section\" data-settings=\"{&quot;background_background&quot;:&quot;classic&quot;,&quot;_ha_eqh_enable&quot;:false}\">\n\t\t\t\t\t\t\t<div class=\"elementor-background-overlay\"><\/div>\n\t\t\t\t\t\t\t<div class=\"elementor-container elementor-column-gap-no\">\n\t\t\t\t\t<div class=\"elementor-column elementor-col-100 elementor-top-column elementor-element elementor-element-249f576\" data-id=\"249f576\" data-element_type=\"column\">\n\t\t\t<div class=\"elementor-widget-wrap elementor-element-populated\">\n\t\t\t\t\t\t<section class=\"elementor-section elementor-inner-section elementor-element elementor-element-efbe517 elementor-section-boxed elementor-section-height-default elementor-section-height-default\" data-id=\"efbe517\" data-element_type=\"section\" data-settings=\"{&quot;_ha_eqh_enable&quot;:false}\">\n\t\t\t\t\t\t<div class=\"elementor-container elementor-column-gap-no\">\n\t\t\t\t\t<div class=\"elementor-column elementor-col-50 elementor-inner-column elementor-element elementor-element-e0824cf\" data-id=\"e0824cf\" data-element_type=\"column\">\n\t\t\t<div class=\"elementor-widget-wrap elementor-element-populated\">\n\t\t\t\t\t\t<div class=\"elementor-element elementor-element-02a7661 elementor-view-stacked elementor-shape-circle elementor-widget elementor-widget-icon\" data-id=\"02a7661\" data-element_type=\"widget\" data-widget_type=\"icon.default\">\n\t\t\t\t<div class=\"elementor-widget-container\">\n\t\t\t\t\t\t\t<div class=\"elementor-icon-wrapper\">\n\t\t\t<div class=\"elementor-icon\">\n\t\t\t<i aria-hidden=\"true\" class=\"fas fa-user-tie\"><\/i>\t\t\t<\/div>\n\t\t<\/div>\n\t\t\t\t\t\t<\/div>\n\t\t\t\t<\/div>\n\t\t\t\t\t<\/div>\n\t\t<\/div>\n\t\t\t\t<div class=\"elementor-column elementor-col-50 elementor-inner-column elementor-element elementor-element-1dbc158\" data-id=\"1dbc158\" data-element_type=\"column\">\n\t\t\t<div class=\"elementor-widget-wrap elementor-element-populated\">\n\t\t\t\t\t\t<div class=\"elementor-element elementor-element-5706de0 elementor-widget elementor-widget-heading\" data-id=\"5706de0\" data-element_type=\"widget\" data-widget_type=\"heading.default\">\n\t\t\t\t<div class=\"elementor-widget-container\">\n\t\t\t\t\t<h4 class=\"elementor-heading-title elementor-size-default\">Secret\u00e1ria<\/h4>\t\t\t\t<\/div>\n\t\t\t\t<\/div>\n\t\t\t\t<div class=\"elementor-element elementor-element-733168d elementor-widget elementor-widget-text-editor\" data-id=\"733168d\" data-element_type=\"widget\" data-widget_type=\"text-editor.default\">\n\t\t\t\t<div class=\"elementor-widget-container\">\n\t\t\t\t\t\t\t\t\t<p>O que \u00e9 um secret\u00e1rio de empresa?<\/p><p>\u00c9\u00a0<strong>obrigat\u00f3rio<\/strong>\u00a0Para qualquer empresa em Hong Kong nomear um secret\u00e1rio da empresa.<\/p><p>As principais fun\u00e7\u00f5es do Secret\u00e1rio da Sociedade s\u00e3o:<\/p><ul><li>Atuar como ponto de contato entre a empresa e as autoridades de Hong Kong<\/li><li>Cuide da documenta\u00e7\u00e3o administrativa para garantir que a empresa se mantenha atualizada com as autoridades de Hong Kong (prepare e apresente o retorno anual da empresa dentro do prazo)<\/li><li>Manter os registros estatut\u00e1rios da empresa (cadastro de s\u00f3cios, cadastro de diretores, cadastro de controladores significativos, prepara\u00e7\u00e3o e emiss\u00e3o de certificados de a\u00e7\u00f5es)<\/li><li>Organiza\u00e7\u00e3o e documenta\u00e7\u00e3o das reuni\u00f5es do conselho de administra\u00e7\u00e3o e da assembleia geral<\/li><li>Preparando suas declara\u00e7\u00f5es fiscais<\/li><li>Monitoramento e reporte de altera\u00e7\u00f5es regulat\u00f3rias que possam afetar a empresa<\/li><\/ul><p>Quem pode ser nomeado secret\u00e1rio da sua empresa?<\/p><p>Se voc\u00ea \u00e9 um indiv\u00edduo que precisa residir em Hong Kong, deve estar familiarizado com as obriga\u00e7\u00f5es regulat\u00f3rias dos secret\u00e1rios de empresas. Para isso escolhemos uma empresa autorizada e registrada.<\/p>\t\t\t\t\t\t\t\t<\/div>\n\t\t\t\t<\/div>\n\t\t\t\t\t<\/div>\n\t\t<\/div>\n\t\t\t\t\t<\/div>\n\t\t<\/section>\n\t\t\t\t<section class=\"elementor-section elementor-inner-section elementor-element elementor-element-16ac03f elementor-section-boxed elementor-section-height-default elementor-section-height-default\" data-id=\"16ac03f\" data-element_type=\"section\" data-settings=\"{&quot;_ha_eqh_enable&quot;:false}\">\n\t\t\t\t\t\t<div class=\"elementor-container elementor-column-gap-no\">\n\t\t\t\t\t<div class=\"elementor-column elementor-col-50 elementor-inner-column elementor-element elementor-element-c601598\" data-id=\"c601598\" data-element_type=\"column\">\n\t\t\t<div class=\"elementor-widget-wrap elementor-element-populated\">\n\t\t\t\t\t\t<div class=\"elementor-element elementor-element-c528202 elementor-view-stacked elementor-shape-circle elementor-widget elementor-widget-icon\" data-id=\"c528202\" data-element_type=\"widget\" data-widget_type=\"icon.default\">\n\t\t\t\t<div class=\"elementor-widget-container\">\n\t\t\t\t\t\t\t<div class=\"elementor-icon-wrapper\">\n\t\t\t<div class=\"elementor-icon\">\n\t\t\t<i aria-hidden=\"true\" class=\"far fa-building\"><\/i>\t\t\t<\/div>\n\t\t<\/div>\n\t\t\t\t\t\t<\/div>\n\t\t\t\t<\/div>\n\t\t\t\t\t<\/div>\n\t\t<\/div>\n\t\t\t\t<div class=\"elementor-column elementor-col-50 elementor-inner-column elementor-element elementor-element-c217130\" data-id=\"c217130\" data-element_type=\"column\">\n\t\t\t<div class=\"elementor-widget-wrap elementor-element-populated\">\n\t\t\t\t\t\t<div class=\"elementor-element elementor-element-8b05d1d elementor-widget elementor-widget-heading\" data-id=\"8b05d1d\" data-element_type=\"widget\" data-widget_type=\"heading.default\">\n\t\t\t\t<div class=\"elementor-widget-container\">\n\t\t\t\t\t<h4 class=\"elementor-heading-title elementor-size-default\">Lar<\/h4>\t\t\t\t<\/div>\n\t\t\t\t<\/div>\n\t\t\t\t<div class=\"elementor-element elementor-element-f527adb elementor-widget elementor-widget-text-editor\" data-id=\"f527adb\" data-element_type=\"widget\" data-widget_type=\"text-editor.default\">\n\t\t\t\t<div class=\"elementor-widget-container\">\n\t\t\t\t\t\t\t\t\t<p><span>Todas as empresas em Hong Kong ter\u00e3o uma sede social em Hong Kong para onde todas as comunica\u00e7\u00f5es e notifica\u00e7\u00f5es poder\u00e3o ser dirigidas.\u00a0<\/span><span>\u00c9 nesta sede que a sociedade deve conservar os seus estatutos, registos e livros.\u00a0<\/span><span>A sede social n\u00e3o precisa ser no mesmo local do local de atua\u00e7\u00e3o da empresa.<\/span><\/p>\t\t\t\t\t\t\t\t<\/div>\n\t\t\t\t<\/div>\n\t\t\t\t\t<\/div>\n\t\t<\/div>\n\t\t\t\t\t<\/div>\n\t\t<\/section>\n\t\t\t\t\t<\/div>\n\t\t<\/div>\n\t\t\t\t\t<\/div>\n\t\t<\/section>\n\t\t\t\t<section class=\"elementor-section elementor-top-section elementor-element elementor-element-5991089 elementor-section-boxed elementor-section-height-default elementor-section-height-default\" data-id=\"5991089\" data-element_type=\"section\" data-settings=\"{&quot;_ha_eqh_enable&quot;:false}\">\n\t\t\t\t\t\t<div class=\"elementor-container elementor-column-gap-default\">\n\t\t\t\t\t<div class=\"elementor-column elementor-col-100 elementor-top-column elementor-element elementor-element-84599d7\" data-id=\"84599d7\" data-element_type=\"column\">\n\t\t\t<div class=\"elementor-widget-wrap elementor-element-populated\">\n\t\t\t\t\t\t<div class=\"elementor-element elementor-element-98fb792 elementor-widget elementor-widget-text-editor\" data-id=\"98fb792\" data-element_type=\"widget\" data-widget_type=\"text-editor.default\">\n\t\t\t\t<div class=\"elementor-widget-container\">\n\t\t\t\t\t\t\t\t\t<h5 class=\"font_5\">Voc\u00ea precisa de mais detalhes? Contate-nos<\/h5><p class=\"font_7\">Estamos aqui para ajudar. Entre em contato conosco por Whatsapp, Telegram ou E-mail. Em uma entrevista esclareceremos suas d\u00favidas.\u00a0<\/p>\t\t\t\t\t\t\t\t<\/div>\n\t\t\t\t<\/div>\n\t\t\t\t\t<\/div>\n\t\t<\/div>\n\t\t\t\t\t<\/div>\n\t\t<\/section>\n\t\t\t\t<\/div>","protected":false},"excerpt":{"rendered":"<p>Secretaria y Domicilio Secretaria \u00bfQu\u00e9 es un secretario de empresa? Es\u00a0obligatorio\u00a0para cualquier empresa en Hong Kong nombrar un secretario de la empresa. Las funciones principales del Secretario de la empresa son: Actuar como punto de contacto entre la empresa y las autoridades de Hong Kong Cuidar de los tr\u00e1mites administrativos para garantizar que la empresa [&hellip;]<\/p>","protected":false},"author":1,"featured_media":0,"parent":0,"menu_order":0,"comment_status":"closed","ping_status":"closed","template":"","meta":{"site-sidebar-layout":"no-sidebar","site-content-layout":"page-builder","ast-site-content-layout":"","site-content-style":"default","site-sidebar-style":"default","ast-global-header-display":"","ast-banner-title-visibility":"","ast-main-header-display":"","ast-hfb-above-header-display":"","ast-hfb-below-header-display":"","ast-hfb-mobile-header-display":"","site-post-title":"disabled","ast-breadcrumbs-content":"disabled","ast-featured-img":"disabled","footer-sml-layout":"disabled","theme-transparent-header-meta":"enabled","adv-header-id-meta":"","stick-header-meta":"","header-above-stick-meta":"","header-main-stick-meta":"","header-below-stick-meta":"","astra-migrate-meta-layouts":"default","ast-page-background-enabled":"default","ast-page-background-meta":{"desktop":{"background-color":"","background-image":"","background-repeat":"repeat","background-position":"center center","background-size":"auto","background-attachment":"scroll","background-type":"","background-media":"","overlay-type":"","overlay-color":"","overlay-opacity":"","overlay-gradient":""},"tablet":{"background-color":"","background-image":"","background-repeat":"repeat","background-position":"center center","background-size":"auto","background-attachment":"scroll","background-type":"","background-media":"","overlay-type":"","overlay-color":"","overlay-opacity":"","overlay-gradient":""},"mobile":{"background-color":"","background-image":"","background-repeat":"repeat","background-position":"center center","background-size":"auto","background-attachment":"scroll","background-type":"","background-media":"","overlay-type":"","overlay-color":"","overlay-opacity":"","overlay-gradient":""}},"ast-content-background-meta":{"desktop":{"background-color":"var(--ast-global-color-5)","background-image":"","background-repeat":"repeat","background-position":"center center","background-size":"auto","background-attachment":"scroll","background-type":"","background-media":"","overlay-type":"","overlay-color":"","overlay-opacity":"","overlay-gradient":""},"tablet":{"background-color":"var(--ast-global-color-5)","background-image":"","background-repeat":"repeat","background-position":"center center","background-size":"auto","background-attachment":"scroll","background-type":"","background-media":"","overlay-type":"","overlay-color":"","overlay-opacity":"","overlay-gradient":""},"mobile":{"background-color":"var(--ast-global-color-5)","background-image":"","background-repeat":"repeat","background-position":"center center","background-size":"auto","background-attachment":"scroll","background-type":"","background-media":"","overlay-type":"","overlay-color":"","overlay-opacity":"","overlay-gradient":""}},"_glsr_average":0,"_glsr_ranking":0,"_glsr_reviews":0,"footnotes":""},"class_list":["post-3121","page","type-page","status-publish","hentry"],"_links":{"self":[{"href":"https:\/\/hkregistration.com\/pt\/wp-json\/wp\/v2\/pages\/3121","targetHints":{"allow":["GET"]}}],"collection":[{"href":"https:\/\/hkregistration.com\/pt\/wp-json\/wp\/v2\/pages"}],"about":[{"href":"https:\/\/hkregistration.com\/pt\/wp-json\/wp\/v2\/types\/page"}],"author":[{"embeddable":true,"href":"https:\/\/hkregistration.com\/pt\/wp-json\/wp\/v2\/users\/1"}],"replies":[{"embeddable":true,"href":"https:\/\/hkregistration.com\/pt\/wp-json\/wp\/v2\/comments?post=3121"}],"version-history":[{"count":0,"href":"https:\/\/hkregistration.com\/pt\/wp-json\/wp\/v2\/pages\/3121\/revisions"}],"wp:attachment":[{"href":"https:\/\/hkregistration.com\/pt\/wp-json\/wp\/v2\/media?parent=3121"}],"curies":[{"name":"wp","href":"https:\/\/api.w.org\/{rel}","templated":true}]}}