{"id":359,"date":"2020-05-22T09:45:05","date_gmt":"2020-05-22T09:45:05","guid":{"rendered":"https:\/\/hkregistration.com\/case-studies\/"},"modified":"2022-10-22T20:40:46","modified_gmt":"2022-10-22T20:40:46","slug":"sistema-legal-y-fiscal","status":"publish","type":"page","link":"https:\/\/hkregistration.com\/pt\/sistema-legal-e-fiscal\/","title":{"rendered":"Sistema Jur\u00eddico e Tribut\u00e1rio"},"content":{"rendered":"<div data-elementor-type=\"wp-page\" data-elementor-id=\"359\" class=\"elementor elementor-359\" data-elementor-settings=\"{&quot;ha_cmc_init_switcher&quot;:&quot;no&quot;}\" data-elementor-post-type=\"page\">\n\t\t\t\t\t\t<section class=\"elementor-section elementor-top-section elementor-element elementor-element-4afd903 elementor-section-height-min-height elementor-section-boxed elementor-section-height-default elementor-section-items-middle\" data-id=\"4afd903\" data-element_type=\"section\" data-settings=\"{&quot;background_background&quot;:&quot;classic&quot;,&quot;_ha_eqh_enable&quot;:false}\">\n\t\t\t\t\t\t\t<div class=\"elementor-background-overlay\"><\/div>\n\t\t\t\t\t\t\t<div class=\"elementor-container elementor-column-gap-no\">\n\t\t\t\t\t<div class=\"elementor-column elementor-col-100 elementor-top-column elementor-element elementor-element-70c1a97\" data-id=\"70c1a97\" data-element_type=\"column\">\n\t\t\t<div class=\"elementor-widget-wrap elementor-element-populated\">\n\t\t\t\t\t\t<div class=\"elementor-element elementor-element-3877140 elementor-widget__width-auto animated-slow elementor-widget elementor-widget-heading\" data-id=\"3877140\" data-element_type=\"widget\" data-settings=\"{&quot;_animation&quot;:&quot;none&quot;}\" data-widget_type=\"heading.default\">\n\t\t\t\t<div class=\"elementor-widget-container\">\n\t\t\t\t\t<h1 class=\"elementor-heading-title elementor-size-default\">Sobre Hong Kong<\/h1>\t\t\t\t<\/div>\n\t\t\t\t<\/div>\n\t\t\t\t\t<\/div>\n\t\t<\/div>\n\t\t\t\t\t<\/div>\n\t\t<\/section>\n\t\t\t\t<section class=\"elementor-section elementor-top-section elementor-element elementor-element-c614987 elementor-section-boxed elementor-section-height-default elementor-section-height-default\" data-id=\"c614987\" data-element_type=\"section\" data-settings=\"{&quot;_ha_eqh_enable&quot;:false}\">\n\t\t\t\t\t\t\t<div class=\"elementor-background-overlay\"><\/div>\n\t\t\t\t\t\t\t<div class=\"elementor-container elementor-column-gap-no\">\n\t\t\t\t\t<div class=\"elementor-column elementor-col-100 elementor-top-column elementor-element elementor-element-8568a2d\" data-id=\"8568a2d\" data-element_type=\"column\">\n\t\t\t<div class=\"elementor-widget-wrap elementor-element-populated\">\n\t\t\t\t\t\t<section class=\"elementor-section elementor-inner-section elementor-element elementor-element-7237003 elementor-section-content-middle elementor-section-boxed elementor-section-height-default elementor-section-height-default\" data-id=\"7237003\" data-element_type=\"section\" data-settings=\"{&quot;_ha_eqh_enable&quot;:false}\">\n\t\t\t\t\t\t<div class=\"elementor-container elementor-column-gap-no\">\n\t\t\t\t\t<div class=\"elementor-column elementor-col-50 elementor-inner-column elementor-element elementor-element-f2a7f6d\" data-id=\"f2a7f6d\" data-element_type=\"column\">\n\t\t\t<div class=\"elementor-widget-wrap elementor-element-populated\">\n\t\t\t\t\t\t<div class=\"elementor-element elementor-element-d7b194a elementor-widget elementor-widget-image\" data-id=\"d7b194a\" data-element_type=\"widget\" data-widget_type=\"image.default\">\n\t\t\t\t<div class=\"elementor-widget-container\">\n\t\t\t\t\t\t\t\t\t\t\t\t\t\t\t<img fetchpriority=\"high\" decoding=\"async\" width=\"768\" height=\"960\" src=\"https:\/\/hkregistration.com\/wp-content\/uploads\/2022\/09\/jason-blackeye-u2fjgmZfgGQ-unsplash-scaled-768x960.jpg\" class=\"attachment-medium_large size-medium_large wp-image-2384\" alt=\"\" srcset=\"https:\/\/hkregistration.com\/wp-content\/uploads\/2022\/09\/jason-blackeye-u2fjgmZfgGQ-unsplash-scaled-768x960.jpg 768w, https:\/\/hkregistration.com\/wp-content\/uploads\/2022\/09\/jason-blackeye-u2fjgmZfgGQ-unsplash-scaled-240x300.jpg 240w, https:\/\/hkregistration.com\/wp-content\/uploads\/2022\/09\/jason-blackeye-u2fjgmZfgGQ-unsplash-scaled-819x1024.jpg 819w, https:\/\/hkregistration.com\/wp-content\/uploads\/2022\/09\/jason-blackeye-u2fjgmZfgGQ-unsplash-scaled-1229x1536.jpg 1229w, https:\/\/hkregistration.com\/wp-content\/uploads\/2022\/09\/jason-blackeye-u2fjgmZfgGQ-unsplash-scaled-1638x2048.jpg 1638w, https:\/\/hkregistration.com\/wp-content\/uploads\/2022\/09\/jason-blackeye-u2fjgmZfgGQ-unsplash-scaled-10x12.jpg 10w, https:\/\/hkregistration.com\/wp-content\/uploads\/2022\/09\/jason-blackeye-u2fjgmZfgGQ-unsplash-scaled.jpg 2048w\" sizes=\"(max-width: 768px) 100vw, 768px\" \/>\t\t\t\t\t\t\t\t\t\t\t\t\t\t\t<\/div>\n\t\t\t\t<\/div>\n\t\t\t\t\t<\/div>\n\t\t<\/div>\n\t\t\t\t<div class=\"elementor-column elementor-col-50 elementor-inner-column elementor-element elementor-element-0f959e5\" data-id=\"0f959e5\" data-element_type=\"column\">\n\t\t\t<div class=\"elementor-widget-wrap elementor-element-populated\">\n\t\t\t\t\t\t<div class=\"elementor-element elementor-element-4944a32 elementor-widget elementor-widget-heading\" data-id=\"4944a32\" data-element_type=\"widget\" data-widget_type=\"heading.default\">\n\t\t\t\t<div class=\"elementor-widget-container\">\n\t\t\t\t\t<h3 class=\"elementor-heading-title elementor-size-default\">Regulamentos Corporativos<\/h3>\t\t\t\t<\/div>\n\t\t\t\t<\/div>\n\t\t\t\t<div class=\"elementor-element elementor-element-7855227 elementor-widget elementor-widget-text-editor\" data-id=\"7855227\" data-element_type=\"widget\" data-widget_type=\"text-editor.default\">\n\t\t\t\t<div class=\"elementor-widget-container\">\n\t\t\t\t\t\t\t\t\t<p><strong>Capital social:\u00a0 <\/strong>N\u00e3o existe um montante m\u00ednimo de capital social exigido. Voc\u00ea \u00e9 livre para escolher a moeda e o valor do capital social da empresa.<\/p><p><strong>Acionistas:\u00a0<\/strong>Uma sociedade de responsabilidade limitada de Hong Kong pode ter de um (1) a cinquenta (50) acionistas. Os acionistas n\u00e3o precisam residir em Hong Kong. Os acionistas podem ser pessoas f\u00edsicas ou jur\u00eddicas (empresas), locais ou estrangeiras. As assembleias de acionistas podem ser realizadas em qualquer lugar do mundo.<\/p><p><strong>Diretores:\u00a0<\/strong>\u00c9 necess\u00e1rio no m\u00ednimo um diretor individual. Os demais administradores podem ser pessoas singulares ou colectivas, nacionais ou estrangeiras. Os diretores n\u00e3o precisam residir em Hong Kong. As reuni\u00f5es do Conselho de Administra\u00e7\u00e3o podem ser realizadas em qualquer lugar do mundo.<\/p>\t\t\t\t\t\t\t\t<\/div>\n\t\t\t\t<\/div>\n\t\t\t\t\t<\/div>\n\t\t<\/div>\n\t\t\t\t\t<\/div>\n\t\t<\/section>\n\t\t\t\t<section class=\"elementor-section elementor-inner-section elementor-element elementor-element-b3b1f76 elementor-section-content-middle elementor-reverse-mobile elementor-section-boxed elementor-section-height-default elementor-section-height-default\" data-id=\"b3b1f76\" data-element_type=\"section\" data-settings=\"{&quot;_ha_eqh_enable&quot;:false}\">\n\t\t\t\t\t\t<div class=\"elementor-container elementor-column-gap-no\">\n\t\t\t\t\t<div class=\"elementor-column elementor-col-50 elementor-inner-column elementor-element elementor-element-0e801a3\" data-id=\"0e801a3\" data-element_type=\"column\">\n\t\t\t<div class=\"elementor-widget-wrap elementor-element-populated\">\n\t\t\t\t\t\t<div class=\"elementor-element elementor-element-3d87ed0 elementor-widget elementor-widget-heading\" data-id=\"3d87ed0\" data-element_type=\"widget\" data-widget_type=\"heading.default\">\n\t\t\t\t<div class=\"elementor-widget-container\">\n\t\t\t\t\t<h3 class=\"elementor-heading-title elementor-size-default\">Cargos e Autoridades<\/h3>\t\t\t\t<\/div>\n\t\t\t\t<\/div>\n\t\t\t\t<div class=\"elementor-element elementor-element-ba4c5ab elementor-widget elementor-widget-text-editor\" data-id=\"ba4c5ab\" data-element_type=\"widget\" data-widget_type=\"text-editor.default\">\n\t\t\t\t<div class=\"elementor-widget-container\">\n\t\t\t\t\t\t\t\t\t<p><strong>O secret\u00e1rio da empresa:<\/strong> O secret\u00e1rio da empresa \u00e9 o ponto de contacto e o seu representante para lidar com as autoridades de Hong Kong.<\/p>\n<p><strong>O Registro de Empresas de Hong Kong<\/strong>&nbsp;: \u201cRegistro de Empresas (CR)\u201d \u00e9 o departamento governamental respons\u00e1vel pela constitui\u00e7\u00e3o de empresas e arquivamentos anuais em Hong Kong.<\/p>\n<p><strong>Departamento da Receita Federal de Hong Kong<\/strong>&nbsp;: O \u201cDepartamento da Receita Federal (IRD)\u201d \u00e9 o departamento governamental respons\u00e1vel pelos impostos e taxas em Hong Kong. Simplificando, todos os anos voc\u00ea deve apresentar a declara\u00e7\u00e3o de imposto de renda da empresa ao IRD, para determinar quais impostos a empresa deve pagar.<\/p>\t\t\t\t\t\t\t\t<\/div>\n\t\t\t\t<\/div>\n\t\t\t\t\t<\/div>\n\t\t<\/div>\n\t\t\t\t<div class=\"elementor-column elementor-col-50 elementor-inner-column elementor-element elementor-element-6949881\" data-id=\"6949881\" data-element_type=\"column\">\n\t\t\t<div class=\"elementor-widget-wrap elementor-element-populated\">\n\t\t\t\t\t\t<div class=\"elementor-element elementor-element-0705176 elementor-widget elementor-widget-image\" data-id=\"0705176\" data-element_type=\"widget\" data-widget_type=\"image.default\">\n\t\t\t\t<div class=\"elementor-widget-container\">\n\t\t\t\t\t\t\t\t\t\t\t\t\t\t\t<img decoding=\"async\" width=\"350\" height=\"150\" src=\"https:\/\/hkregistration.com\/wp-content\/uploads\/2022\/08\/350x150_hk-cr-ird-logo.png\" class=\"attachment-full size-full wp-image-794\" alt=\"\" srcset=\"https:\/\/hkregistration.com\/wp-content\/uploads\/2022\/08\/350x150_hk-cr-ird-logo.png 350w, https:\/\/hkregistration.com\/wp-content\/uploads\/2022\/08\/350x150_hk-cr-ird-logo-300x129.png 300w\" sizes=\"(max-width: 350px) 100vw, 350px\" \/>\t\t\t\t\t\t\t\t\t\t\t\t\t\t\t<\/div>\n\t\t\t\t<\/div>\n\t\t\t\t\t<\/div>\n\t\t<\/div>\n\t\t\t\t\t<\/div>\n\t\t<\/section>\n\t\t\t\t<section class=\"elementor-section elementor-inner-section elementor-element elementor-element-e6d985f elementor-section-content-middle elementor-section-boxed elementor-section-height-default elementor-section-height-default\" data-id=\"e6d985f\" data-element_type=\"section\" data-settings=\"{&quot;_ha_eqh_enable&quot;:false}\">\n\t\t\t\t\t\t<div class=\"elementor-container elementor-column-gap-no\">\n\t\t\t\t\t<div class=\"elementor-column elementor-col-50 elementor-inner-column elementor-element elementor-element-65ede8d\" data-id=\"65ede8d\" data-element_type=\"column\">\n\t\t\t<div class=\"elementor-widget-wrap elementor-element-populated\">\n\t\t\t\t\t\t<div class=\"elementor-element elementor-element-32e40f6 elementor-widget elementor-widget-image\" data-id=\"32e40f6\" data-element_type=\"widget\" data-widget_type=\"image.default\">\n\t\t\t\t<div class=\"elementor-widget-container\">\n\t\t\t\t\t\t\t\t\t\t\t\t\t\t\t<img decoding=\"async\" width=\"2560\" height=\"1707\" src=\"https:\/\/hkregistration.com\/wp-content\/uploads\/2022\/09\/markus-winkler-wtbjCVmeeuA-unsplash-scaled.jpg\" class=\"attachment-full size-full wp-image-2812\" alt=\"\" srcset=\"https:\/\/hkregistration.com\/wp-content\/uploads\/2022\/09\/markus-winkler-wtbjCVmeeuA-unsplash-scaled.jpg 2560w, https:\/\/hkregistration.com\/wp-content\/uploads\/2022\/09\/markus-winkler-wtbjCVmeeuA-unsplash-300x200.jpg 300w, https:\/\/hkregistration.com\/wp-content\/uploads\/2022\/09\/markus-winkler-wtbjCVmeeuA-unsplash-1024x683.jpg 1024w, https:\/\/hkregistration.com\/wp-content\/uploads\/2022\/09\/markus-winkler-wtbjCVmeeuA-unsplash-768x512.jpg 768w, https:\/\/hkregistration.com\/wp-content\/uploads\/2022\/09\/markus-winkler-wtbjCVmeeuA-unsplash-1536x1024.jpg 1536w, https:\/\/hkregistration.com\/wp-content\/uploads\/2022\/09\/markus-winkler-wtbjCVmeeuA-unsplash-2048x1365.jpg 2048w\" sizes=\"(max-width: 2560px) 100vw, 2560px\" \/>\t\t\t\t\t\t\t\t\t\t\t\t\t\t\t<\/div>\n\t\t\t\t<\/div>\n\t\t\t\t\t<\/div>\n\t\t<\/div>\n\t\t\t\t<div class=\"elementor-column elementor-col-50 elementor-inner-column elementor-element elementor-element-3c3aaed\" data-id=\"3c3aaed\" data-element_type=\"column\">\n\t\t\t<div class=\"elementor-widget-wrap elementor-element-populated\">\n\t\t\t\t\t\t<div class=\"elementor-element elementor-element-ad86474 elementor-widget elementor-widget-heading\" data-id=\"ad86474\" data-element_type=\"widget\" data-widget_type=\"heading.default\">\n\t\t\t\t<div class=\"elementor-widget-container\">\n\t\t\t\t\t<h3 class=\"elementor-heading-title elementor-size-default\">Sistema de taxas<\/h3>\t\t\t\t<\/div>\n\t\t\t\t<\/div>\n\t\t\t\t<div class=\"elementor-element elementor-element-51f5f38 elementor-widget elementor-widget-text-editor\" data-id=\"51f5f38\" data-element_type=\"widget\" data-widget_type=\"text-editor.default\">\n\t\t\t\t<div class=\"elementor-widget-container\">\n\t\t\t\t\t\t\t\t\t<p>A empresa \u00e9 automaticamente registrada no Departamento de Impostos Especiais de Hong Kong quando \u00e9 constitu\u00edda.<\/p>\n<p>Hong Kong oferece um regime fiscal muito atraente e simples.<\/p>\n<p>Se a empresa fizer neg\u00f3cios fora de Hong Kong (sociedade de responsabilidade limitada offshore), n\u00e3o estar\u00e1 sujeita ao imposto de renda em Hong Kong.<\/p>\n<p>Se a empresa fizer neg\u00f3cios em Hong Kong (sociedade de responsabilidade limitada onshore), a al\u00edquota do imposto de renda ser\u00e1&nbsp;<strong>8,25 %<\/strong>&nbsp;nos primeiros 2 milh\u00f5es de d\u00f3lares de Hong Kong (equivalente a U$S256.000) de lucros e no&nbsp;<strong>16,5 %<\/strong>&nbsp;especialmente a partir de ent\u00e3o (n\u00e3o anualmente, mas apenas uma vez).<\/p>\n<p>Al\u00e9m disso, a empresa pode aproveitar muitas dedu\u00e7\u00f5es fiscais que reduzir\u00e3o o imposto de renda.<\/p>\n<p>N\u00e3o h\u00e1 IVA (IVA), nem imposto sobre ganhos de capital (ou distribui\u00e7\u00e3o de dividendos), nem receitas brutas, nem com\u00e9rcio e ind\u00fastria, nem imposto sobre a riqueza, em Hong Kong.<\/p>\t\t\t\t\t\t\t\t<\/div>\n\t\t\t\t<\/div>\n\t\t\t\t\t<\/div>\n\t\t<\/div>\n\t\t\t\t\t<\/div>\n\t\t<\/section>\n\t\t\t\t<section class=\"elementor-section elementor-inner-section elementor-element elementor-element-9702988 elementor-section-content-middle elementor-reverse-mobile elementor-section-boxed elementor-section-height-default elementor-section-height-default\" data-id=\"9702988\" data-element_type=\"section\" data-settings=\"{&quot;_ha_eqh_enable&quot;:false}\">\n\t\t\t\t\t\t<div class=\"elementor-container elementor-column-gap-no\">\n\t\t\t\t\t<div class=\"elementor-column elementor-col-50 elementor-inner-column elementor-element elementor-element-dde4dfc\" data-id=\"dde4dfc\" data-element_type=\"column\">\n\t\t\t<div class=\"elementor-widget-wrap elementor-element-populated\">\n\t\t\t\t\t\t<div class=\"elementor-element elementor-element-e553ef5 elementor-widget elementor-widget-heading\" data-id=\"e553ef5\" data-element_type=\"widget\" data-widget_type=\"heading.default\">\n\t\t\t\t<div class=\"elementor-widget-container\">\n\t\t\t\t\t<h3 class=\"elementor-heading-title elementor-size-default\">Obriga\u00e7\u00f5es Anuais<\/h3>\t\t\t\t<\/div>\n\t\t\t\t<\/div>\n\t\t\t\t<div class=\"elementor-element elementor-element-f98abb6 elementor-widget elementor-widget-text-editor\" data-id=\"f98abb6\" data-element_type=\"widget\" data-widget_type=\"text-editor.default\">\n\t\t\t\t<div class=\"elementor-widget-container\">\n\t\t\t\t\t\t\t\t\t<p>A empresa tem obriga\u00e7\u00f5es de presta\u00e7\u00e3o de contas e \u00e9 importante que voc\u00ea se mantenha atualizado.<\/p><p>As obriga\u00e7\u00f5es anuais de arquivamento incluem:<\/p><p>1. Renovar o Certificado de Registro (Certificado de Registro Empresarial \u2013 BRC) junto \u00e0 Receita Federal \u2013 IRD.<\/p><p>2. A entrega de uma declara\u00e7\u00e3o anual FORM NAR1 \u00e0 Conservat\u00f3ria do Registo Comercial todos os anos na data de anivers\u00e1rio da empresa. Manter o cadastro informado sobre nome, capital social, endere\u00e7o, diretores, acionistas. Deve ser apresentado na data de anivers\u00e1rio.<\/p><p>3. Realizar Assembleia Geral Anual (AGO \u2013 Assembleia Geral Anual) no prazo de 18 meses a contar da data de constitui\u00e7\u00e3o. Nas Assembleias Gerais, trata-se de uma revis\u00e3o do balan\u00e7o anual e de uma revis\u00e3o pela gest\u00e3o. N\u00e3o precisa ser presencial, \u00e9 realizado remotamente.<\/p><p>4. A entrega da declara\u00e7\u00e3o de rendimentos BIR51 ao Departamento de Receita Federal (IRD) de cada ano. A data de dep\u00f3sito depende do encerramento do exerc\u00edcio social da empresa.<\/p><p>5. Dever\u00e1 tamb\u00e9m informar a Conservat\u00f3ria do Registo Comercial de determinadas altera\u00e7\u00f5es na sociedade assim que estas ocorram. Isto inclui a obriga\u00e7\u00e3o de comunicar altera\u00e7\u00f5es nos diretores, acionistas, secret\u00e1rio, endere\u00e7o registado, capital social, altera\u00e7\u00f5es nos dados dos acionistas ou diretores (incluindo passaportes), normalmente no prazo de 15 dias, sob amea\u00e7a de san\u00e7\u00f5es.<\/p>\t\t\t\t\t\t\t\t<\/div>\n\t\t\t\t<\/div>\n\t\t\t\t\t<\/div>\n\t\t<\/div>\n\t\t\t\t<div class=\"elementor-column elementor-col-50 elementor-inner-column elementor-element elementor-element-485bb4d\" data-id=\"485bb4d\" data-element_type=\"column\">\n\t\t\t<div class=\"elementor-widget-wrap elementor-element-populated\">\n\t\t\t\t\t\t<div class=\"elementor-element elementor-element-ccd7d68 elementor-widget elementor-widget-image\" data-id=\"ccd7d68\" data-element_type=\"widget\" data-widget_type=\"image.default\">\n\t\t\t\t<div class=\"elementor-widget-container\">\n\t\t\t\t\t\t\t\t\t\t\t\t\t\t\t<img loading=\"lazy\" decoding=\"async\" width=\"640\" height=\"480\" src=\"https:\/\/hkregistration.com\/wp-content\/uploads\/2022\/09\/taxreturn.webp\" class=\"attachment-large size-large wp-image-2813\" alt=\"\" srcset=\"https:\/\/hkregistration.com\/wp-content\/uploads\/2022\/09\/taxreturn.webp 640w, https:\/\/hkregistration.com\/wp-content\/uploads\/2022\/09\/taxreturn-300x225.webp 300w\" sizes=\"(max-width: 640px) 100vw, 640px\" \/>\t\t\t\t\t\t\t\t\t\t\t\t\t\t\t<\/div>\n\t\t\t\t<\/div>\n\t\t\t\t\t<\/div>\n\t\t<\/div>\n\t\t\t\t\t<\/div>\n\t\t<\/section>\n\t\t\t\t<div class=\"elementor-element elementor-element-fa9212d elementor-mobile-align-center elementor-align-center elementor-widget elementor-widget-button\" data-id=\"fa9212d\" data-element_type=\"widget\" data-widget_type=\"button.default\">\n\t\t\t\t<div class=\"elementor-widget-container\">\n\t\t\t\t\t\t\t\t\t<div class=\"elementor-button-wrapper\">\n\t\t\t\t\t<a class=\"elementor-button elementor-button-link elementor-size-sm\" href=\"#\">\n\t\t\t\t\t\t<span class=\"elementor-button-content-wrapper\">\n\t\t\t\t\t\t\t\t\t<span class=\"elementor-button-text\">VER MAIS INFORMA\u00c7\u00d5ES<\/span>\n\t\t\t\t\t<\/span>\n\t\t\t\t\t<\/a>\n\t\t\t\t<\/div>\n\t\t\t\t\t\t\t\t<\/div>\n\t\t\t\t<\/div>\n\t\t\t\t\t<\/div>\n\t\t<\/div>\n\t\t\t\t\t<\/div>\n\t\t<\/section>\n\t\t\t\t<\/div>","protected":false},"excerpt":{"rendered":"<p>Sobre Hong Kong Regulaciones Societarias Capital social:\u00a0 No hay una cantidad m\u00ednima de capital social requerido. Es libre elegir la moneda y el monto del capital social de la empresa. Accionistas:\u00a0Una sociedad de responsabilidad limitada de Hong Kong puede tener de uno (1) a cincuenta (50) accionistas. Los accionistas no necesitan residir en Hong Kong. [&hellip;]<\/p>","protected":false},"author":1,"featured_media":0,"parent":0,"menu_order":0,"comment_status":"closed","ping_status":"closed","template":"","meta":{"site-sidebar-layout":"no-sidebar","site-content-layout":"page-builder","ast-site-content-layout":"","site-content-style":"default","site-sidebar-style":"default","ast-global-header-display":"","ast-banner-title-visibility":"","ast-main-header-display":"","ast-hfb-above-header-display":"","ast-hfb-below-header-display":"","ast-hfb-mobile-header-display":"","site-post-title":"disabled","ast-breadcrumbs-content":"disabled","ast-featured-img":"disabled","footer-sml-layout":"disabled","theme-transparent-header-meta":"enabled","adv-header-id-meta":"","stick-header-meta":"","header-above-stick-meta":"","header-main-stick-meta":"","header-below-stick-meta":"","astra-migrate-meta-layouts":"default","ast-page-background-enabled":"default","ast-page-background-meta":{"desktop":{"background-color":"","background-image":"","background-repeat":"repeat","background-position":"center center","background-size":"auto","background-attachment":"scroll","background-type":"","background-media":"","overlay-type":"","overlay-color":"","overlay-opacity":"","overlay-gradient":""},"tablet":{"background-color":"","background-image":"","background-repeat":"repeat","background-position":"center center","background-size":"auto","background-attachment":"scroll","background-type":"","background-media":"","overlay-type":"","overlay-color":"","overlay-opacity":"","overlay-gradient":""},"mobile":{"background-color":"","background-image":"","background-repeat":"repeat","background-position":"center center","background-size":"auto","background-attachment":"scroll","background-type":"","background-media":"","overlay-type":"","overlay-color":"","overlay-opacity":"","overlay-gradient":""}},"ast-content-background-meta":{"desktop":{"background-color":"var(--ast-global-color-5)","background-image":"","background-repeat":"repeat","background-position":"center center","background-size":"auto","background-attachment":"scroll","background-type":"","background-media":"","overlay-type":"","overlay-color":"","overlay-opacity":"","overlay-gradient":""},"tablet":{"background-color":"var(--ast-global-color-5)","background-image":"","background-repeat":"repeat","background-position":"center center","background-size":"auto","background-attachment":"scroll","background-type":"","background-media":"","overlay-type":"","overlay-color":"","overlay-opacity":"","overlay-gradient":""},"mobile":{"background-color":"var(--ast-global-color-5)","background-image":"","background-repeat":"repeat","background-position":"center center","background-size":"auto","background-attachment":"scroll","background-type":"","background-media":"","overlay-type":"","overlay-color":"","overlay-opacity":"","overlay-gradient":""}},"_glsr_average":0,"_glsr_ranking":0,"_glsr_reviews":0,"footnotes":""},"class_list":["post-359","page","type-page","status-publish","hentry"],"_links":{"self":[{"href":"https:\/\/hkregistration.com\/pt\/wp-json\/wp\/v2\/pages\/359","targetHints":{"allow":["GET"]}}],"collection":[{"href":"https:\/\/hkregistration.com\/pt\/wp-json\/wp\/v2\/pages"}],"about":[{"href":"https:\/\/hkregistration.com\/pt\/wp-json\/wp\/v2\/types\/page"}],"author":[{"embeddable":true,"href":"https:\/\/hkregistration.com\/pt\/wp-json\/wp\/v2\/users\/1"}],"replies":[{"embeddable":true,"href":"https:\/\/hkregistration.com\/pt\/wp-json\/wp\/v2\/comments?post=359"}],"version-history":[{"count":0,"href":"https:\/\/hkregistration.com\/pt\/wp-json\/wp\/v2\/pages\/359\/revisions"}],"wp:attachment":[{"href":"https:\/\/hkregistration.com\/pt\/wp-json\/wp\/v2\/media?parent=359"}],"curies":[{"name":"wp","href":"https:\/\/api.w.org\/{rel}","templated":true}]}}